{"id":8638,"date":"2020-07-25T14:44:56","date_gmt":"2020-07-25T09:14:56","guid":{"rendered":"https:\/\/www.johann-rousselot.com\/fr\/?page_id=8638"},"modified":"2020-08-12T12:29:29","modified_gmt":"2020-08-12T06:59:29","slug":"distribution-contact","status":"publish","type":"page","link":"https:\/\/www.johann-rousselot.com\/fr\/distribution-contact\/","title":{"rendered":"DISTRIBUTION &#038; CONTACT"},"content":{"rendered":"\n<div class=\"wp-block-media-text alignwide is-stacked-on-mobile is-image-fill\" style=\"grid-template-columns:41% auto\"><figure class=\"wp-block-media-text__media\" style=\"background-image:url(https:\/\/www.johann-rousselot.com\/fr\/wp-content\/uploads\/2020\/07\/Screenshot-2020-07-25-at-2.50.09-PM-1024x901.png);background-position:6% 6%\"><img decoding=\"async\" loading=\"lazy\" width=\"760\" height=\"669\" src=\"https:\/\/i0.wp.com\/www.johann-rousselot.com\/fr\/wp-content\/uploads\/2020\/07\/Screenshot-2020-07-25-at-2.50.09-PM-1024x901.png?resize=760%2C669\" alt=\"\" class=\"wp-image-8641\" srcset=\"https:\/\/i0.wp.com\/www.johann-rousselot.com\/fr\/wp-content\/uploads\/2020\/07\/Screenshot-2020-07-25-at-2.50.09-PM.png?resize=1024%2C901&amp;ssl=1 1024w, https:\/\/i0.wp.com\/www.johann-rousselot.com\/fr\/wp-content\/uploads\/2020\/07\/Screenshot-2020-07-25-at-2.50.09-PM.png?resize=600%2C528&amp;ssl=1 600w, https:\/\/i0.wp.com\/www.johann-rousselot.com\/fr\/wp-content\/uploads\/2020\/07\/Screenshot-2020-07-25-at-2.50.09-PM.png?resize=300%2C264&amp;ssl=1 300w, https:\/\/i0.wp.com\/www.johann-rousselot.com\/fr\/wp-content\/uploads\/2020\/07\/Screenshot-2020-07-25-at-2.50.09-PM.png?resize=768%2C676&amp;ssl=1 768w, https:\/\/i0.wp.com\/www.johann-rousselot.com\/fr\/wp-content\/uploads\/2020\/07\/Screenshot-2020-07-25-at-2.50.09-PM.png?w=1039&amp;ssl=1 1039w\" sizes=\"(max-width: 760px) 100vw, 760px\" data-recalc-dims=\"1\" \/><\/figure><div class=\"wp-block-media-text__content\">\n<p style=\"background-color:#ffffff;font-size:24px\" class=\"has-background\">Agences de distribution<\/p>\n\n\n\n<p style=\"background-color:#ffffff\" class=\"has-background\">Retrouvez l&rsquo;int\u00e9gralit\u00e9 du fonds photographique t\u00e9l\u00e9chargeable chez <a href=\"http:\/\/www.signatures-photographies.com\/\">Signatures<\/a> pour la France, <a href=\"https:\/\/www.laif.de\/\">Laif<\/a> pour l&rsquo;Allemagne et reste du monde.<\/p>\n<\/div><\/div>\n\n\n\n<hr class=\"wp-block-separator\"\/>\n","protected":false},"excerpt":{"rendered":"<p>Agences de distribution Retrouvez l&rsquo;int\u00e9gralit\u00e9 du fonds photographique t\u00e9l\u00e9chargeable chez Signatures pour la France, Laif pour l&rsquo;Allemagne et reste du monde.<\/p>\n","protected":false},"author":3,"featured_media":0,"parent":0,"menu_order":0,"comment_status":"closed","ping_status":"closed","template":"","meta":{"jetpack_post_was_ever_published":false,"_vp_format_video_url":"","_vp_image_focal_point":[]},"jetpack_sharing_enabled":true,"jetpack_shortlink":"https:\/\/wp.me\/Pcf8Bc-2fk","_links":{"self":[{"href":"https:\/\/www.johann-rousselot.com\/fr\/wp-json\/wp\/v2\/pages\/8638"}],"collection":[{"href":"https:\/\/www.johann-rousselot.com\/fr\/wp-json\/wp\/v2\/pages"}],"about":[{"href":"https:\/\/www.johann-rousselot.com\/fr\/wp-json\/wp\/v2\/types\/page"}],"author":[{"embeddable":true,"href":"https:\/\/www.johann-rousselot.com\/fr\/wp-json\/wp\/v2\/users\/3"}],"replies":[{"embeddable":true,"href":"https:\/\/www.johann-rousselot.com\/fr\/wp-json\/wp\/v2\/comments?post=8638"}],"version-history":[{"count":25,"href":"https:\/\/www.johann-rousselot.com\/fr\/wp-json\/wp\/v2\/pages\/8638\/revisions"}],"predecessor-version":[{"id":10189,"href":"https:\/\/www.johann-rousselot.com\/fr\/wp-json\/wp\/v2\/pages\/8638\/revisions\/10189"}],"wp:attachment":[{"href":"https:\/\/www.johann-rousselot.com\/fr\/wp-json\/wp\/v2\/media?parent=8638"}],"curies":[{"name":"wp","href":"https:\/\/api.w.org\/{rel}","templated":true}]}}