{"id":8948,"date":"2020-07-27T18:52:37","date_gmt":"2020-07-27T13:22:37","guid":{"rendered":"https:\/\/www.johann-rousselot.com\/fr\/?page_id=8948"},"modified":"2020-08-12T13:51:58","modified_gmt":"2020-08-12T08:21:58","slug":"biographie","status":"publish","type":"page","link":"https:\/\/www.johann-rousselot.com\/fr\/biographie\/","title":{"rendered":"L&rsquo;AUTEUR"},"content":{"rendered":"\n<div class=\"wp-block-media-text alignwide is-stacked-on-mobile is-vertically-aligned-bottom is-image-fill\" style=\"grid-template-columns:49% auto\"><figure class=\"wp-block-media-text__media\" style=\"background-image:url(https:\/\/www.johann-rousselot.com\/fr\/wp-content\/uploads\/2020\/08\/\u00a9-Nicolas-Moulard-cropped.jpg);background-position:55.00000000000001% 24%\"><img decoding=\"async\" loading=\"lazy\" width=\"760\" height=\"760\" src=\"https:\/\/i0.wp.com\/www.johann-rousselot.com\/fr\/wp-content\/uploads\/2020\/08\/\u00a9-Nicolas-Moulard-cropped.jpg?resize=760%2C760\" alt=\"Portrait of Johann Rousselot by Nicolas Moulard, in S\u00e8te, 2014.\" class=\"wp-image-10175\" srcset=\"https:\/\/i0.wp.com\/www.johann-rousselot.com\/fr\/wp-content\/uploads\/2020\/08\/\u00a9-Nicolas-Moulard-cropped.jpg?w=1024&amp;ssl=1 1024w, https:\/\/i0.wp.com\/www.johann-rousselot.com\/fr\/wp-content\/uploads\/2020\/08\/\u00a9-Nicolas-Moulard-cropped.jpg?resize=600%2C600&amp;ssl=1 600w, https:\/\/i0.wp.com\/www.johann-rousselot.com\/fr\/wp-content\/uploads\/2020\/08\/\u00a9-Nicolas-Moulard-cropped.jpg?resize=300%2C300&amp;ssl=1 300w, https:\/\/i0.wp.com\/www.johann-rousselot.com\/fr\/wp-content\/uploads\/2020\/08\/\u00a9-Nicolas-Moulard-cropped.jpg?resize=768%2C768&amp;ssl=1 768w, https:\/\/i0.wp.com\/www.johann-rousselot.com\/fr\/wp-content\/uploads\/2020\/08\/\u00a9-Nicolas-Moulard-cropped.jpg?resize=500%2C500&amp;ssl=1 500w, https:\/\/i0.wp.com\/www.johann-rousselot.com\/fr\/wp-content\/uploads\/2020\/08\/\u00a9-Nicolas-Moulard-cropped.jpg?resize=800%2C800&amp;ssl=1 800w, https:\/\/i0.wp.com\/www.johann-rousselot.com\/fr\/wp-content\/uploads\/2020\/08\/\u00a9-Nicolas-Moulard-cropped.jpg?resize=640%2C640&amp;ssl=1 640w\" sizes=\"(max-width: 760px) 100vw, 760px\" data-recalc-dims=\"1\" \/><\/figure><div class=\"wp-block-media-text__content\">\n<p class=\"has-drop-cap has-small-font-size\">N\u00e9 en 1971 \u00e0 Bruxelles &#8211; Membre associ\u00e9 de l&rsquo;Oeil Public de 2001 \u00e0 la fermeture de ce collectif en janvier 2010 &#8211; Actuellement repr\u00e9sent\u00e9 par la Maison de Photographes Signatures en France, et Laif\/Redux pour le reste du monde &#8211; A v\u00e9cu 20 ans \u00e0 Paris puis s&rsquo;est install\u00e9 en Inde (\u00e0 New Delhi) o\u00f9 il r\u00e9side depuis 2016.<\/p>\n\n\n\n<p class=\"has-small-font-size\">Johann cherche sans rel\u00e2che \u00e0 trouver toujours le bon point d&rsquo;\u00e9quilibre entre volont\u00e9 journalistique d&rsquo;informer et volont\u00e9 artistique. Partir de l&rsquo;actualit\u00e9, le plus souvent, mais rechercher d&#8217;embl\u00e9e la port\u00e9e sociologique ou historique d&rsquo;un sujet, avec cette constante exigeance de trouver, si possible, un rafra\u00eechissement iconographique tout en maintenant le propos clair.<\/p>\n<\/div><\/div>\n\n\n\n<hr class=\"wp-block-separator\"\/>\n\n\n\n<p class=\"has-drop-cap has-small-font-size\">Avec un rapide coup d\u2019oeil sur l\u2019oeuvre de Johann Rousselot, l\u2019ensemble peut sembler hasardeux. Mais \u00e0 y passer un peu plus de temps, pourtant, une th\u00e9matique obsessionnelle s\u2019en d\u00e9gage clairement : la flamb\u00e9e des commencements, les d\u00e9buts glorieux. Le nouveau, le renouveau. Et l\u2019espoir que ceux-ci signifient. Les promesses fra\u00eeches des \u2018lendemains qui chantent\u2019, l\u2019excitation des d\u00e9parts\u2026<br>Ce n\u2019est donc pas un hasard, une fois compris cela, que la jeunesse soit si pr\u00e9sente au travers de ses travaux. En effet, est-elle autre chose que de croire \u00e0 tous ses r\u00eaves dans une l\u00e9g\u00e8re candeur, que demain tout peut arriver, que tout est encore possible ?<br>Son premier projet significatif, <a href=\"https:\/\/www.johann-rousselot.com\/fr\/clubber-clubbing\/\">Clubbers<\/a> (1994-1995), alors qu\u2019il est encore \u00e9tudiant en photographie au Septante-Cinq \u00e0 Bruxelles, nous plonge dans les premi\u00e8res ann\u00e9es du mouvement musical \u00e9lectronique, appel\u00e9 de fa\u00e7on g\u00e9n\u00e9rique la Techno. C\u2019est le commencement de l\u2019\u00e8re num\u00e9rique, comme le Rock &amp; Roll signait de ses nouveaux sons quelques d\u00e9cennies plus t\u00f4t l\u2019av\u00e8nement de la soci\u00e9t\u00e9 post-industrielle et la lib\u00e9ration des moeurs occidentale. L\u2019humeur de ces ann\u00e9es dans ces quelques clubs qu\u2019il arpenta \u00e9tait joyeuse, entra\u00eenante, bourr\u00e9e d\u2019\u00e9nergie positive.<br><a href=\"https:\/\/www.johann-rousselot.com\/fr\/balkans-jeunesse\/\">Balkans &#8211; La B\u00eate &amp; les Belles<\/a>, son second projet important, et qui est aussi celui qui lui ouvrira les portes du monde professionnel (premi\u00e8res parutions en presse, premi\u00e8re r\u00e9compense avec le Prix Kodak de la Critique Photographique, influence \u00e9vidente sur son int\u00e9gration \u00e0 l\u2019\u00e9quipe du collectif Oeil Public en 2001), ne c\u00e9l\u00e8bre rien d\u2019autre que les \u00e9tincelles du renouveau \u00e0 travers ce portrait d\u2019une jeunesse cibl\u00e9e, par une approche construite sur des diptyques o\u00f9, en vis-\u00e0-vis de ces visages bulgares, serbes, bosniaques&#8230; il oppose des vues architecturales, des d\u00e9tails, des paysages d\u2019influence sovi\u00e9tique, des codes visuels d&rsquo;un vieux monde empoussi\u00e9r\u00e9, celui d\u2019avant la chute du mur de Berlin.<br>Avec l\u2019argent du Prix Kodak en 2003, il s\u2019engage en 2004 en Inde &#8211; pays qu\u2019il conna\u00eet d\u00e9j\u00e0 depuis ses ann\u00e9es d\u2019\u00e9tudiant en photographie &#8211; et aborde la nouvelle soci\u00e9t\u00e9 indienne, cette nouvelle Inde dont toute la presse parle. Que d\u2019espoirs pour les classes moyennes \u00e9mergentes dans cette \u00e8re post-nehruvienne ! Il nomme ce travail <a href=\"https:\/\/www.johann-rousselot.com\/fr\/inde-contemporaine-shining-crying\/\">India Shining, India Crying<\/a> car ne faisons pas de cette th\u00e9matique du renouveau un carcan ! Une conscience politique et sociale existe aussi chez l\u2019auteur, qui f\u00fbt sans nul doute aiguis\u00e9e par son bain d&rsquo;une d\u00e9cennie parmi ses camarades de l\u2019Oeil Public.<br>Vers 2005, il se penche sur les congr\u00e9gations \u00e9vang\u00e9liques, les \u2018<a href=\"https:\/\/www.johann-rousselot.com\/fr\/evangeliques-chretiens-born-again\/\">Born Again Christians<\/a>\u2019. N\u00e9s \u00e0 nouveau, voire ressuscit\u00e9s\u2026 tout est dit !<br>Tr\u00e8s occup\u00e9 avec l\u2019Inde jusqu\u2019en 2009, ce sera sans h\u00e9siter qu\u2019il se lance en 2011 sur les <a href=\"https:\/\/www.johann-rousselot.com\/fr\/revolution-arabes-coleres\/\">Printemps Arabes<\/a>. Ne nous \u00e9talons pas sur l\u2019\u00e9vidence m\u00eame de ces deux ann\u00e9es dans les pays concern\u00e9s avec sa th\u00e9matique centrale, mais notons ceci : il y d\u00e9veloppe alors une nouvelle \u00e9criture photographique, faite de collages num\u00e9riques, ou \u2018photojournaRTistiques\u2019 comme il aime \u00e0 dire (expos\u00e9 au festival de Visa Pour l\u2019Image en 2012). Son excitation f\u00fbt donc double ; des r\u00e9volutions, et un renouveau dans sa propre expression narrative.<br>Entre 2015 et 2016, gr\u00e2ce \u00e0 deux bourses d\u2019aide au financement obtenues (CNAP et AFD-Polka), il produit <a href=\"https:\/\/www.johann-rousselot.com\/fr\/now-delhi\/\">Now Delhi<\/a>. Etrangement, on pourrait dire \u00e0 propos de ce travail qu\u2019il aborde tout l\u2019inverse d\u2019une th\u00e9matique du renouveau ou des commencements. On peut penser que parfois un artiste a besoin d\u2019aller taper \u00e0 l\u2019oppos\u00e9 de sa qu\u00eate personnelle pour mieux revenir sur celle-ci ?<br>Johann Rousselot a aussi beaucoup, et beaucoup aim\u00e9, photographier la f\u00eate nocturne, mais seules les images du travail \u2018Clubbers\u2019 r\u00e9sonnent de mani\u00e8re \u00e9vidente avec la th\u00e9matique-coeur. Alors pourquoi cette passion pour la nuit de f\u00eate ? Sans tirer la chose par les cheveux, l\u2019oubli qu\u2019offrent la nuit et la f\u00eate sont tr\u00e8s certainement un raccourci vers le renouveau, vers un petit re-d\u00e9marrage. Ou alors peut-\u00eatre est-ce que la f\u00eate aide \u00e0 \u00e9viter la routine, la d\u00e9ception, le train-train d\u2019une vie normalis\u00e9e ? Or ce qui fait l&#8217;emballement des nouveaux d\u00e9parts, c&rsquo;est justement qu&rsquo;une routine ne s&rsquo;est pas encore install\u00e9e.<\/p>\n\n\n\n<h6 class=\"wp-block-heading\"><em>Prix, Bourses &amp; Distinctions<\/em><\/h6>\n\n\n\n<ul><li><span style=\"color: #777777;\"><span style=\"font-size: 12px;\">2015 : Laur\u00e9at de la <a href=\"https:\/\/www.polkamagazine.com\/photographe\/johann-rousselot\/\" target=\"_blank\" rel=\"noreferrer noopener\">Bourse AFD &amp; Polka<\/a> pour le meilleur projet de reportage photo.<\/span><\/span><\/li><li><span style=\"color: #777777;\"><span style=\"font-size: 12px;\">2014 : Bourse du <a href=\"https:\/\/www.cnap.fr\/resultats-2014-0\" target=\"_blank\" rel=\"noreferrer noopener\">Fonds d\u2019aide \u00e0 la photographie documentaire contemporaine<\/a> du CNAP, Minist\u00e8re de la Culture.<\/span><\/span><\/li><li><span style=\"color: #777777;\"><span style=\"font-size: 12px;\">2012 : Nomin\u00e9 au <a href=\"https:\/\/presscentre.sony.eu\/pressreleases\/sony-world-photography-awards-2012-shortlist-announced-1024407\" target=\"_blank\" rel=\"noreferrer noopener\">Sony World Photography Awards 2012<\/a> en cat\u00e9gorie Fine Art \/ Portrait avec le projet <a href=\"https:\/\/www.johann-rousselot.com\/fr\/revolution-coleres-arabes\/\">Col\u00e8res<\/a>.<\/span><\/span><\/li><li><span style=\"color: #777777;\"><span style=\"font-size: 12px;\">2011 : Bourse du <a href=\"https:\/\/www.cnap.fr\/resultats-2011-2013-photodoc1\" target=\"_blank\" rel=\"noreferrer noopener\">Fonds d\u2019aide \u00e0 la photographie documentaire contemporaine<\/a> du Minist\u00e8re de la Culture, pour le projet <a href=\"https:\/\/www.johann-rousselot.com\/fr\/revolution-coleres-arabes\/\">Col\u00e8res<\/a>.<\/span><\/span><\/li><li><span style=\"color: #777777;\"><span style=\"font-size: 12px;\">2011 : Parrain\u00e9 pour le Prix Arcimboldo de la cr\u00e9ation num\u00e9rique avec le projet <a href=\"https:\/\/www.johann-rousselot.com\/fr\/revolution-coleres-arabes\/\">Col\u00e8res<\/a>.<\/span><\/span><\/li><li><span style=\"color: #777777;\"><span style=\"font-size: 12px;\">2010 : Parrain\u00e9 pour le <a href=\"http:\/\/www.gensdimages.com\/galeries\/niepce2010_candidats\/photos.html\">Prix Niepce<\/a>.<\/span><\/span><\/li><li><span style=\"color: #777777;\"><span style=\"font-size: 12px;\">2008 : Finaliste du Prix PhotoEspana Ojodepez Volkswagen Award, Espagne, avec Les Moissons du Suicide, travail sur la vague de suicides parmi les paysans indiens du Vidharba.<\/span><\/span><\/li><li><span style=\"color: #777777;\"><span style=\"font-size: 12px;\">2007 : Finaliste du concours de la Fondation HSBC pour la Photographie avec Nuit Indienne, errances nocturnes et po\u00e9tiques dans la rue indienne.<\/span><\/span><\/li><li><span style=\"color: #777777;\"><span style=\"font-size: 12px;\">2006 : Laur\u00e9at d\u2019une Bourse \u00ab 3P \u00bb pour un projet sur le n\u00e9o-protestantisme \u00e0 l\u2019am\u00e9ricaine et son expansion fulgurante dans le monde et parmi les jeunes.<\/span><\/span><\/li><li><span style=\"color: #777777;\"><span style=\"font-size: 12px;\">2005 : B\u00e9n\u00e9ficiaire d\u2019une bourse du Minist\u00e8re de la Culture, D\u00e9l\u00e9gation aux Arts Plastiques, pour ses projets sur l\u2019Inde contemporaine India Shining India Crying &amp; Nuit Indienne.<\/span><\/span><\/li><li><span style=\"color: #777777;\"><span style=\"font-size: 12px;\">2003 : Laur\u00e9at du <a href=\"https:\/\/fr.wikipedia.org\/wiki\/Prix_Kodak_de_la_critique_photographique\" target=\"_blank\" rel=\"noreferrer noopener\">Prix Kodak de la Critique Photographique<\/a>, avec <a href=\"https:\/\/www.johann-rousselot.com\/fr\/balkans-jeunesse\/\">Balkans ! La B\u00eate et les Belles<\/a>.<\/span><\/span><\/li><\/ul>\n\n\n\n<h6 class=\"wp-block-heading\"><em>Expositions<\/em><\/h6>\n\n\n\n<ul><li><span style=\"color: #777777;\"><span style=\"font-size: 12px;\">2016, Now Delhi, exposition solo, Maison Europ\u00e9enne de la Photographie, Paris, France<\/span><\/span><\/li><li><span style=\"color: #777777;\"><span style=\"font-size: 12px;\">2014, Col\u00e8res, exposition solo, festival Noorderlicht, Hollande<\/span><\/span><\/li><li><span style=\"color: #777777;\"><span style=\"font-size: 12px;\">2014, Phallocracia (Egypte), exposition solo, festival Images Singuli\u00e8res, S\u00e8te, France<\/span><\/span><\/li><li><span style=\"color: #777777;\"><span style=\"font-size: 12px;\">2014, Vert comme l\u2019Enfer (Libye), exposition solo, Art Souterrain, Montreal, Canada<\/span><\/span><\/li><li><span style=\"color: #777777;\"><span style=\"font-size: 12px;\">2013, R\u00e9volutions Arabes, exposition collective, Dunkerque, France<\/span><\/span><\/li><li><span style=\"color: #777777;\"><span style=\"font-size: 12px;\">2013, Col\u00e8res, exposition solo, iReMMO (Institut de Recherches M\u00e9diterrann\u00e9e Moyen-Orient), Paris, France<\/span><\/span><\/li><li><span style=\"color: #777777;\"><span style=\"font-size: 12px;\">2012, Col\u00e8res, exposition solo, Festival du Photojournalisme Visa pour l\u2019Image, Perpignan, France<\/span><\/span><\/li><li><span style=\"color: #777777;\"><span style=\"font-size: 12px;\">2012, R\u00e9volutions Arabes, exposition collective, H\u00f4tel de R\u00e9gion de Marseille<\/span><\/span><\/li><li><span style=\"color: #777777;\"><span style=\"font-size: 12px;\">2011, True Defiance, Amnesty International, exposition collective, Photomonth London<\/span><\/span><\/li><li><span style=\"color: #777777;\"><span style=\"font-size: 12px;\">2011, Letters from Europe, exposition collective, Koldo Mitxelena Cultural Centre, Donostia San Sebastian, Espagne<\/span><\/span><\/li><li><span style=\"color: #777777;\"><span style=\"font-size: 12px;\">2011, Col\u00e8res, projection au festival Images Singuli\u00e8res, S\u00e8te, France<\/span><\/span><\/li><li><span style=\"color: #777777;\"><span style=\"font-size: 12px;\">2010, Dignit\u00e9, exposition collective de l\u2019agence Oeil Public avec Amnesty International, Mairie de Paris, France<\/span><\/span><\/li><li><span style=\"color: #777777;\"><span style=\"font-size: 12px;\">2009, The Megapolis Tour \u2013 Bombay, exposition solo, Galerie Seven Star, Berlin, Allemagne<\/span><\/span><\/li><li><span style=\"color: #777777;\"><span style=\"font-size: 12px;\">2008, India Shining India Crying, exposition solo, Galerie Bose Pacia, Calcutta &amp; Galerie Romain Rolland, New Delhi, Inde<\/span><\/span><\/li><li><span style=\"color: #777777;\"><span style=\"font-size: 12px;\">2007, India Shining India Crying, exposition solo, Festival International du Scoop et du Journalisme, Angers, France<\/span><\/span><\/li><li><span style=\"color: #777777;\"><span style=\"font-size: 12px;\">2007, India Shining India Crying, exposition solo, Festival Tops, Cheniang, Chine<\/span><\/span><\/li><li><span style=\"color: #777777;\"><span style=\"font-size: 12px;\">2007, projection de India Shining India Crying, Festival du Photojournalisme Visa pour l\u2019Image, Perpignan, France<\/span><\/span><\/li><li><span style=\"color: #777777;\"><span style=\"font-size: 12px;\">2005, Oeil Public : 10 ans, exposition collective, Festival du Photojournalisme Visa pour l\u2019Image, Perpignan, France<\/span><\/span><\/li><li><span style=\"color: #777777;\"><span style=\"font-size: 12px;\">2005, Nuit Indienne, Festival Chroniques Nomades, Honfleur, France<\/span><\/span><\/li><li><span style=\"color: #777777;\"><span style=\"font-size: 12px;\">2004, France \u00f4 ma France, exposition collective de l\u2019Oeil Public, Festival de Lectoure, France<\/span><\/span><\/li><li><span style=\"color: #777777;\"><span style=\"font-size: 12px;\">2003, projection de Balkans ! La B\u00eate &amp; les Belles, Festival du Photojournalisme Visa pour l\u2019Image, Perpignan, France<\/span><\/span><\/li><li><span style=\"color: #777777;\"><span style=\"font-size: 12px;\">2001, Balkans ! La B\u00eate &amp; les Belles, exposition solo, Centre Culturel Fran\u00e7ais, Sofia, Bulgarie.<\/span><\/span><\/li><\/ul>\n\n\n\n<h6 class=\"wp-block-heading\"><em>Collections<\/em><\/h6>\n\n\n\n<ul><li><span style=\"color: #777777;\"><span style=\"font-size: 12px;\">Collection du Fond National d\u2019Art Contemporain fran\u00e7ais, <a href=\"https:\/\/www.cnap.fr\/collection-en-ligne?filters=authors%3AROUSSELOT%20Johann%E2%86%B9ROUSSELOT%20Johann#\/artworks?filters=authors%3AROUSSELOT%20Johann%E2%86%B9ROUSSELOT%20Johann,,query%3Aindia%20shining%2a,,query%3Aindia%20shinin%2a,,query%3Aindia%20shining&amp;page=1&amp;layout=grid&amp;sort=by_author\" target=\"_blank\" rel=\"noreferrer noopener\">15 tirages du travail India Shining India Crying<\/a>.<\/span><\/span><\/li><li><span style=\"color: #777777;\"><span style=\"font-size: 12px;\">Collection du Fond National d\u2019Art Contemporain fran\u00e7ais, <a href=\"https:\/\/www.cnap.fr\/collection-en-ligne?filters=authors%3AROUSSELOT%20Johann%E2%86%B9ROUSSELOT%20Johann#\/artworks?filters=authors%3AROUSSELOT%20Johann%E2%86%B9ROUSSELOT%20Johann,,query%3Anuit%20indienne%2a&amp;page=1&amp;layout=grid&amp;sort=by_author\" target=\"_blank\" rel=\"noreferrer noopener\">8 tirages du travail Nuit Indienne<\/a>.<\/span><\/span><\/li><\/ul>\n\n\n\n<h6 class=\"wp-block-heading\"><em>Edition<\/em><\/h6>\n\n\n\n<ul><li><span style=\"color: #777777;\"><span style=\"font-size: 12px;\">2014 : The Other Hundred Entrepreneurs &#8211; 100 Faces Places Stories, Oneworld Publications.<\/span><\/span><\/li><li><span style=\"color: #777777;\"><span style=\"font-size: 12px;\">2010 : Oeil Public : 15 ans d&rsquo;histoires, Democratic Books.<\/span><\/span><\/li><li><span style=\"color: #777777;\"><span style=\"font-size: 12px;\">2010 : Dignit\u00e9, Droits Humains et Pauvret\u00e9, ouvrage collectif, Editions Textuel.<\/span><\/span><\/li><li><span style=\"color: #777777;\"><span style=\"font-size: 12px;\">2009 : The Megapolis Tour \u2013 Bombay, Gestalten.<\/span><\/span><\/li><li><span style=\"color: #777777;\"><span style=\"font-size: 12px;\">2009 : This Day of Change, ouvrage collectif, Kodansha Publisher &amp; Courrier Japan.<\/span><\/span><\/li><li><span style=\"color: #777777;\"><span style=\"font-size: 12px;\">2008 : Alchemy of Iniquity, Resistance and Repression in India&rsquo;s Mines, edition Panos South Asia.<\/span><\/span><\/li><li><span style=\"color: #777777;\"><span style=\"font-size: 12px;\">2008 : India Now: Nouvelles visions photographiques de l\u2019Inde contemporaine, ouvrage collectif, Thames &amp; Hudson et Editions Textuel.<\/span><\/span><\/li><\/ul>\n\n\n\n<pre class=\"wp-block-preformatted\">Plus de d\u00e9tails en page <a href=\"https:\/\/www.johann-rousselot.com\/fr\/publications\/\">Publications<\/a><\/pre>\n\n\n\n<p><\/p>\n","protected":false},"excerpt":{"rendered":"<p>N\u00e9 en 1971 \u00e0 Bruxelles &#8211; Membre associ\u00e9 de l&rsquo;Oeil Public de 2001 \u00e0 la fermeture de ce collectif en janvier 2010 &#8211; Actuellement repr\u00e9sent\u00e9 par la Maison de Photographes Signatures en France, et Laif\/Redux pour le reste du monde &#8211; A v\u00e9cu 20 ans \u00e0 Paris puis s&rsquo;est install\u00e9 en Inde (\u00e0 New Delhi)<\/p>\n<p class=\"more-link-wrapper\"><a href=\"https:\/\/www.johann-rousselot.com\/fr\/biographie\/\" class=\"more-link\">Continue Reading<span class=\"screen-reader-text\"> \u00ab\u00a0L&rsquo;AUTEUR\u00a0\u00bb<\/span><\/a><\/p>\n","protected":false},"author":3,"featured_media":0,"parent":0,"menu_order":0,"comment_status":"closed","ping_status":"closed","template":"","meta":{"jetpack_post_was_ever_published":false,"_vp_format_video_url":"","_vp_image_focal_point":[]},"jetpack_sharing_enabled":true,"jetpack_shortlink":"https:\/\/wp.me\/Pcf8Bc-2kk","_links":{"self":[{"href":"https:\/\/www.johann-rousselot.com\/fr\/wp-json\/wp\/v2\/pages\/8948"}],"collection":[{"href":"https:\/\/www.johann-rousselot.com\/fr\/wp-json\/wp\/v2\/pages"}],"about":[{"href":"https:\/\/www.johann-rousselot.com\/fr\/wp-json\/wp\/v2\/types\/page"}],"author":[{"embeddable":true,"href":"https:\/\/www.johann-rousselot.com\/fr\/wp-json\/wp\/v2\/users\/3"}],"replies":[{"embeddable":true,"href":"https:\/\/www.johann-rousselot.com\/fr\/wp-json\/wp\/v2\/comments?post=8948"}],"version-history":[{"count":51,"href":"https:\/\/www.johann-rousselot.com\/fr\/wp-json\/wp\/v2\/pages\/8948\/revisions"}],"predecessor-version":[{"id":10205,"href":"https:\/\/www.johann-rousselot.com\/fr\/wp-json\/wp\/v2\/pages\/8948\/revisions\/10205"}],"wp:attachment":[{"href":"https:\/\/www.johann-rousselot.com\/fr\/wp-json\/wp\/v2\/media?parent=8948"}],"curies":[{"name":"wp","href":"https:\/\/api.w.org\/{rel}","templated":true}]}}